{"id":29,"date":"2020-03-09T10:39:23","date_gmt":"2020-03-09T10:39:23","guid":{"rendered":"http:\/\/hospitalesinfantilesmejores.usal.es\/?page_id=29"},"modified":"2025-02-21T09:14:33","modified_gmt":"2025-02-21T09:14:33","slug":"comunicacion-con-el-nino-y-su-familia","status":"publish","type":"page","link":"https:\/\/hospitalesinfantilesmejores.usal.es\/en\/comunicacion-con-el-nino-y-su-familia\/","title":{"rendered":"(Espa\u00f1ol) Comunicaci\u00f3n con el ni\u00f1o y su familia"},"content":{"rendered":"<p class=\"qtranxs-available-languages-message qtranxs-available-languages-message-en\">Sorry, this entry is only available in <a href=\"https:\/\/hospitalesinfantilesmejores.usal.es\/es\/wp-json\/wp\/v2\/pages\/29\" class=\"qtranxs-available-language-link qtranxs-available-language-link-es\" title=\"Espa\u00f1ol\">Espa\u00f1ol<\/a>.<\/p>","protected":false},"excerpt":{"rendered":"<p>Sorry, this entry is only available in Espa\u00f1ol.<\/p>\n","protected":false},"author":47,"featured_media":0,"parent":0,"menu_order":3,"comment_status":"closed","ping_status":"closed","template":"page-templates\/DosColumnas.php","meta":{"footnotes":""},"class_list":["post-29","page","type-page","status-publish","hentry"],"aioseo_notices":[],"_links":{"self":[{"href":"https:\/\/hospitalesinfantilesmejores.usal.es\/en\/wp-json\/wp\/v2\/pages\/29","targetHints":{"allow":["GET"]}}],"collection":[{"href":"https:\/\/hospitalesinfantilesmejores.usal.es\/en\/wp-json\/wp\/v2\/pages"}],"about":[{"href":"https:\/\/hospitalesinfantilesmejores.usal.es\/en\/wp-json\/wp\/v2\/types\/page"}],"author":[{"embeddable":true,"href":"https:\/\/hospitalesinfantilesmejores.usal.es\/en\/wp-json\/wp\/v2\/users\/47"}],"replies":[{"embeddable":true,"href":"https:\/\/hospitalesinfantilesmejores.usal.es\/en\/wp-json\/wp\/v2\/comments?post=29"}],"version-history":[{"count":16,"href":"https:\/\/hospitalesinfantilesmejores.usal.es\/en\/wp-json\/wp\/v2\/pages\/29\/revisions"}],"predecessor-version":[{"id":848,"href":"https:\/\/hospitalesinfantilesmejores.usal.es\/en\/wp-json\/wp\/v2\/pages\/29\/revisions\/848"}],"wp:attachment":[{"href":"https:\/\/hospitalesinfantilesmejores.usal.es\/en\/wp-json\/wp\/v2\/media?parent=29"}],"curies":[{"name":"wp","href":"https:\/\/api.w.org\/{rel}","templated":true}]}}